{"id":2,"date":"2013-12-27T16:06:26","date_gmt":"2013-12-27T16:06:26","guid":{"rendered":"http:\/\/www.heilbronn.rote-hilfe.de\/?page_id=2"},"modified":"2014-01-03T21:50:57","modified_gmt":"2014-01-03T19:50:57","slug":"beispiel-seite","status":"publish","type":"page","link":"https:\/\/www.heilbronn.rote-hilfe.de\/?page_id=2","title":{"rendered":"\u00dcber uns"},"content":{"rendered":"<p>Die Rote Hilfe e.V. ist eine bundesweite Organisation welche sich aus Einzelmitgliedern und Ortsgruppen zusammen setzt. Die Heilbronner Ortsgruppe gibt es bereits seit 1989, in dieser Zeit hat sie viele Aktivistinnen und Aktivisten vor Ort unterst\u00fctzt und ihre Solidarit\u00e4t praktisch werden lassen. Durch die Arbeit der Roten Hilfe k\u00f6nnen alle, die sich an politischen Aktivit\u00e4ten beteiligen, das in dem Bewusstsein tun, dass sie auch hinterher, wenn sie Strafverfahren bekommen, nicht alleine dastehen. Denn der wichtigste Zweck der politischen Verfolgung ist es, diejenigen, die aktiv geworden sind, zu vereinzeln, von einander zu isolieren und durch exemplarische Strafen abzuschrecken und einzusch\u00fcchtern. Die Rote Hilfe stellt dem das Prinzip der Solidarit\u00e4t entgegen und ermutigt so zum Weiterk\u00e4mpfen.<\/p>\n","protected":false},"excerpt":{"rendered":"<p>Die Rote Hilfe e.V. ist eine bundesweite Organisation welche sich aus Einzelmitgliedern und Ortsgruppen zusammen setzt. Die Heilbronner Ortsgruppe gibt es bereits seit 1989, in dieser Zeit hat sie viele Aktivistinnen und Aktivisten vor Ort unterst\u00fctzt und ihre Solidarit\u00e4t praktisch werden lassen. Durch die Arbeit der Roten Hilfe k\u00f6nnen alle,<\/p>\n","protected":false},"author":1,"featured_media":0,"parent":0,"menu_order":2,"comment_status":"closed","ping_status":"closed","template":"","meta":[],"_links":{"self":[{"href":"https:\/\/www.heilbronn.rote-hilfe.de\/index.php?rest_route=\/wp\/v2\/pages\/2"}],"collection":[{"href":"https:\/\/www.heilbronn.rote-hilfe.de\/index.php?rest_route=\/wp\/v2\/pages"}],"about":[{"href":"https:\/\/www.heilbronn.rote-hilfe.de\/index.php?rest_route=\/wp\/v2\/types\/page"}],"author":[{"embeddable":true,"href":"https:\/\/www.heilbronn.rote-hilfe.de\/index.php?rest_route=\/wp\/v2\/users\/1"}],"replies":[{"embeddable":true,"href":"https:\/\/www.heilbronn.rote-hilfe.de\/index.php?rest_route=%2Fwp%2Fv2%2Fcomments&post=2"}],"version-history":[{"count":9,"href":"https:\/\/www.heilbronn.rote-hilfe.de\/index.php?rest_route=\/wp\/v2\/pages\/2\/revisions"}],"predecessor-version":[{"id":104,"href":"https:\/\/www.heilbronn.rote-hilfe.de\/index.php?rest_route=\/wp\/v2\/pages\/2\/revisions\/104"}],"wp:attachment":[{"href":"https:\/\/www.heilbronn.rote-hilfe.de\/index.php?rest_route=%2Fwp%2Fv2%2Fmedia&parent=2"}],"curies":[{"name":"wp","href":"https:\/\/api.w.org\/{rel}","templated":true}]}}