{"id":21,"date":"2013-12-27T20:16:47","date_gmt":"2013-12-27T18:16:47","guid":{"rendered":"http:\/\/www.heilbronn.rote-hilfe.de\/?page_id=21"},"modified":"2024-02-09T22:28:44","modified_gmt":"2024-02-09T20:28:44","slug":"termine","status":"publish","type":"page","link":"https:\/\/www.heilbronn.rote-hilfe.de\/?page_id=21","title":{"rendered":"Termine"},"content":{"rendered":"<p>Wenn ihr von Repression betroffen seid oder mitarbeiten m\u00f6chtet, dann kommt zum Offenen Treffen der Ortsgruppe Heilbronn:<\/p>\n<p><strong>Jeden ersten Dienstag im Monat um 19 Uhr,<\/strong> <strong><a href=\"http:\/\/www.sz-kaethe.org\" target=\"_blank\" rel=\"noopener\">Soziales Zentrum K\u00e4the.<\/a><br \/>\n<\/strong><\/p>\n<p>Sonst erreicht ihr uns per (verschl\u00fcsselter) E-Mail. <a href=\"http:\/\/www.heilbronn.rote-hilfe.de\/?page_id=17\">Hier findet ihr die Kontaktdaten.<\/a> Den Schl\u00fcssel schicken wir euch auf Anfrage auch gerne zu.<\/p>\n<hr \/>\n","protected":false},"excerpt":{"rendered":"<p>Wenn ihr von Repression betroffen seid oder mitarbeiten m\u00f6chtet, dann kommt zum Offenen Treffen der Ortsgruppe Heilbronn: Jeden ersten Dienstag im Monat um 19 Uhr, Soziales Zentrum K\u00e4the. Sonst erreicht ihr uns per (verschl\u00fcsselter) E-Mail. Hier findet ihr die Kontaktdaten. Den Schl\u00fcssel schicken wir euch auf Anfrage auch gerne zu.<\/p>\n","protected":false},"author":1,"featured_media":0,"parent":0,"menu_order":3,"comment_status":"closed","ping_status":"closed","template":"","meta":[],"_links":{"self":[{"href":"https:\/\/www.heilbronn.rote-hilfe.de\/index.php?rest_route=\/wp\/v2\/pages\/21"}],"collection":[{"href":"https:\/\/www.heilbronn.rote-hilfe.de\/index.php?rest_route=\/wp\/v2\/pages"}],"about":[{"href":"https:\/\/www.heilbronn.rote-hilfe.de\/index.php?rest_route=\/wp\/v2\/types\/page"}],"author":[{"embeddable":true,"href":"https:\/\/www.heilbronn.rote-hilfe.de\/index.php?rest_route=\/wp\/v2\/users\/1"}],"replies":[{"embeddable":true,"href":"https:\/\/www.heilbronn.rote-hilfe.de\/index.php?rest_route=%2Fwp%2Fv2%2Fcomments&post=21"}],"version-history":[{"count":48,"href":"https:\/\/www.heilbronn.rote-hilfe.de\/index.php?rest_route=\/wp\/v2\/pages\/21\/revisions"}],"predecessor-version":[{"id":651,"href":"https:\/\/www.heilbronn.rote-hilfe.de\/index.php?rest_route=\/wp\/v2\/pages\/21\/revisions\/651"}],"wp:attachment":[{"href":"https:\/\/www.heilbronn.rote-hilfe.de\/index.php?rest_route=%2Fwp%2Fv2%2Fmedia&parent=21"}],"curies":[{"name":"wp","href":"https:\/\/api.w.org\/{rel}","templated":true}]}}