{"id":27,"date":"2013-12-27T20:54:15","date_gmt":"2013-12-27T18:54:15","guid":{"rendered":"http:\/\/www.heilbronn.rote-hilfe.de\/?page_id=27"},"modified":"2014-01-03T21:51:38","modified_gmt":"2014-01-03T19:51:38","slug":"aktiv-werden","status":"publish","type":"page","link":"https:\/\/www.heilbronn.rote-hilfe.de\/?page_id=27","title":{"rendered":"Aktiv werden!"},"content":{"rendered":"<p>Solidarit\u00e4t ist keine Rechtsschutzversicherung, sie kann nur funktionieren, wenn wir alle gemeinsam daf\u00fcr einstehen. Jedes Mitglied und jede Spende unterst\u00fctzen die laufende Arbeit und die Zahlungen von Unterst\u00fctzungsgeldern an Betroffene, die sich an uns gewandt haben.<br \/>\nDeshalb werdet Mitglied und arbeitet in der Ortsgruppe mit!<\/p>\n","protected":false},"excerpt":{"rendered":"<p>Solidarit\u00e4t ist keine Rechtsschutzversicherung, sie kann nur funktionieren, wenn wir alle gemeinsam daf\u00fcr einstehen. Jedes Mitglied und jede Spende unterst\u00fctzen die laufende Arbeit und die Zahlungen von Unterst\u00fctzungsgeldern an Betroffene, die sich an uns gewandt haben. Deshalb werdet Mitglied und arbeitet in der Ortsgruppe mit!<\/p>\n","protected":false},"author":1,"featured_media":0,"parent":0,"menu_order":0,"comment_status":"closed","ping_status":"closed","template":"","meta":[],"_links":{"self":[{"href":"https:\/\/www.heilbronn.rote-hilfe.de\/index.php?rest_route=\/wp\/v2\/pages\/27"}],"collection":[{"href":"https:\/\/www.heilbronn.rote-hilfe.de\/index.php?rest_route=\/wp\/v2\/pages"}],"about":[{"href":"https:\/\/www.heilbronn.rote-hilfe.de\/index.php?rest_route=\/wp\/v2\/types\/page"}],"author":[{"embeddable":true,"href":"https:\/\/www.heilbronn.rote-hilfe.de\/index.php?rest_route=\/wp\/v2\/users\/1"}],"replies":[{"embeddable":true,"href":"https:\/\/www.heilbronn.rote-hilfe.de\/index.php?rest_route=%2Fwp%2Fv2%2Fcomments&post=27"}],"version-history":[{"count":4,"href":"https:\/\/www.heilbronn.rote-hilfe.de\/index.php?rest_route=\/wp\/v2\/pages\/27\/revisions"}],"predecessor-version":[{"id":105,"href":"https:\/\/www.heilbronn.rote-hilfe.de\/index.php?rest_route=\/wp\/v2\/pages\/27\/revisions\/105"}],"wp:attachment":[{"href":"https:\/\/www.heilbronn.rote-hilfe.de\/index.php?rest_route=%2Fwp%2Fv2%2Fmedia&parent=27"}],"curies":[{"name":"wp","href":"https:\/\/api.w.org\/{rel}","templated":true}]}}