{"id":38,"date":"2013-12-27T22:22:24","date_gmt":"2013-12-27T20:22:24","guid":{"rendered":"http:\/\/www.heilbronn.rote-hilfe.de\/?page_id=38"},"modified":"2026-03-22T11:29:55","modified_gmt":"2026-03-22T09:29:55","slug":"mitglied-werden","status":"publish","type":"page","link":"https:\/\/www.heilbronn.rote-hilfe.de\/?page_id=38","title":{"rendered":"Mitglied werden"},"content":{"rendered":"<p><em>\u201eDie Rote Hilfe e. V. ist eine parteiunabh\u00e4ngige, str\u00f6mungs \u00fcbergreifende linke Schutz- und Solidarit\u00e4tsorganisation. Die Rote Hilfe unterst\u00fctzt nach ihren M\u00f6glichkeiten die Solidarit\u00e4t f\u00fcr alle, unabh\u00e4ngig von Parteizugeh\u00f6rigkeit und Weltanschauung, die in der BRD auf Grund ihrer politischen Bet\u00e4tigung verfolgt werden.<br \/>\nPolitische Bet\u00e4tigung in diesem Sinne ist z. B. das Eintreten f\u00fcr die Ziele der Arbeiter_innenbewegung, die Internationale Solidarit\u00e4t, der antifaschistische, antisexistische, antirassistische, demokratische oder gewerkschaftliche Kampf sowie der Kampf gegen Antisemitismus, Militarismus und Krieg. Unsere Unterst\u00fctzung gilt denjenigen, die deswegen ihren Arbeitsplatz verlieren, Berufsverbote erhalten, vor Gericht gestellt oder zu Geld- und Gef\u00e4ngnisstrafen verurteilt werden oder sonstige Nachteile erleiden. Dar\u00fcber hinaus gilt die Solidarit\u00e4t der Roten Hilfe den von der Reaktion Verfolgten in allen L\u00e4ndern der Erde.\u201c<\/em><br \/>\n(\u00a72 der Satzung der Roten Hilfe)<\/p>\n<p>Die Basis der Antirepressions- und Solidarit\u00e4tsarbeit sind die Mitglieder. Waren es 1999 noch ca. 3500 Mitglieder in 30 Ortsgruppen, sind es inzwischen \u00fcber 11.000 Mitglieder in 48 Ortsgruppen. Dabei hat es die Rote Hilfe geschafft Menschen aus den unterschiedlichsten Spektren zusammen zu f\u00fchren und somit effektive und str\u00f6mungs\u00fcbergreifende Solidarit\u00e4tsarbeit zu gew\u00e4hrleisten.<\/p>\n<p>Die Rote Hilfe kann dabei nur funktionieren, wenn wir uns nicht darauf verlassen, dass es andere sind die die Arbeit machen. Deshalb werdet Mitglied und arbeitet in der Ortsgruppe mit!<\/p>\n<p><a href=\"_wp_link_placeholder\" data-wplink-edit=\"true\">&gt;&gt; Jetzt online Mitglied werden! &lt;&lt;<\/a><\/p>\n<hr \/>\n<p>Eine (passive) Mitgliedschaft in der Roten Hilfe hilft uns sehr, da wir nur durch die regelm\u00e4\u00dfigen Beitragszahlungen unserer Mitglieder kontinuierliche Antirepressionsarbeit erm\u00f6glichen k\u00f6nnen und somit nicht auf oft ein schwankendes und schwer vorhersehbares Spendenaufkommen angewiesen sind. Wie wir im Rahmen der Mitgliederverwaltung mit deinen Daten umgehen erf\u00e4hrst du <a class=\"wf_file\" href=\"https:\/\/rote-hilfe.de\/images\/pdf\/Art13-mitglied.pdf\" target=\"_blank\" rel=\"noopener\"><img class=\"wf_file_icon\" src=\"https:\/\/rote-hilfe.de\/media\/jce\/icons\/pdf.png\" alt=\"pdf\" \/><span class=\"wf_file_text\">hier<\/span><\/a>. Mitglieder erhalten die 4x im Jahr erscheinende Rote Hilfe Zeitung kostenlos im Abo. Wenn Du au\u00dferdem in der Roten Hilfe aktiv mitarbeiten m\u00f6chtest, melde Dich bei uns.<\/p>\n<p>Ihr k\u00f6nnt auch das folgende <a href=\"http:\/\/www.heilbronn.rote-hilfe.de\/wp-content\/uploads\/RHHN_Beitritt-und-Spenden.pdf\" target=\"_blank\" rel=\"noopener\">Beitrittsformular<\/a> ausdrucken und an folgende Adresse schicken:<\/p>\n<p><strong>Rote Hilfe e.V. Ortsgruppe Heilbronn c\/o Infoladen Heilbronn<\/strong><br \/>\nWollhausstr. 49<br \/>\n74072 Heilbron<\/p>\n<p>oder ihr bringt es am <a href=\"http:\/\/www.heilbronn.rote-hilfe.de\/?page_id=21\">Offenen Treffen<\/a> vorbei.<\/p>\n","protected":false},"excerpt":{"rendered":"<p>\u201eDie Rote Hilfe e. V. ist eine parteiunabh\u00e4ngige, str\u00f6mungs \u00fcbergreifende linke Schutz- und Solidarit\u00e4tsorganisation. Die Rote Hilfe unterst\u00fctzt nach ihren M\u00f6glichkeiten die Solidarit\u00e4t f\u00fcr alle, unabh\u00e4ngig von Parteizugeh\u00f6rigkeit und Weltanschauung, die in der BRD auf Grund ihrer politischen Bet\u00e4tigung verfolgt werden. Politische Bet\u00e4tigung in diesem Sinne ist z. B. das<\/p>\n","protected":false},"author":1,"featured_media":0,"parent":0,"menu_order":0,"comment_status":"closed","ping_status":"closed","template":"","meta":[],"_links":{"self":[{"href":"https:\/\/www.heilbronn.rote-hilfe.de\/index.php?rest_route=\/wp\/v2\/pages\/38"}],"collection":[{"href":"https:\/\/www.heilbronn.rote-hilfe.de\/index.php?rest_route=\/wp\/v2\/pages"}],"about":[{"href":"https:\/\/www.heilbronn.rote-hilfe.de\/index.php?rest_route=\/wp\/v2\/types\/page"}],"author":[{"embeddable":true,"href":"https:\/\/www.heilbronn.rote-hilfe.de\/index.php?rest_route=\/wp\/v2\/users\/1"}],"replies":[{"embeddable":true,"href":"https:\/\/www.heilbronn.rote-hilfe.de\/index.php?rest_route=%2Fwp%2Fv2%2Fcomments&post=38"}],"version-history":[{"count":12,"href":"https:\/\/www.heilbronn.rote-hilfe.de\/index.php?rest_route=\/wp\/v2\/pages\/38\/revisions"}],"predecessor-version":[{"id":700,"href":"https:\/\/www.heilbronn.rote-hilfe.de\/index.php?rest_route=\/wp\/v2\/pages\/38\/revisions\/700"}],"wp:attachment":[{"href":"https:\/\/www.heilbronn.rote-hilfe.de\/index.php?rest_route=%2Fwp%2Fv2%2Fmedia&parent=38"}],"curies":[{"name":"wp","href":"https:\/\/api.w.org\/{rel}","templated":true}]}}