{"id":41,"date":"2013-12-27T22:22:49","date_gmt":"2013-12-27T20:22:49","guid":{"rendered":"http:\/\/www.heilbronn.rote-hilfe.de\/?page_id=41"},"modified":"2026-03-22T11:33:42","modified_gmt":"2026-03-22T09:33:42","slug":"spenden","status":"publish","type":"page","link":"https:\/\/www.heilbronn.rote-hilfe.de\/?page_id=41","title":{"rendered":"Spenden"},"content":{"rendered":"\n<p><\/p>\n\n\n<p>Die Rote Hilfe in Heilbronn bietet allen Interessierten die M\u00f6glichkeit sich aktiv an Solidarit\u00e4tsarbeit zu beteiligen und dadurch Menschen, die von Repression betroffen sind, zu unterst\u00fctzen. Dabei ist die Ortsgruppe nat\u00fcrlich immer auch auf finanzielle Unterst\u00fctzung in Form von Mitgliedsbeitr\u00e4gen und Spenden angewiesen.<\/p>\n<p>Infos zu Spenden findet ihr <a href=\"https:\/\/rote-hilfe.de\/aktiv-werden\/spenden\">hier<\/a>\u00a0oder ihr sprecht uns pers\u00f6nlich an.<\/p>\n<p>\u00a0<\/p>\n\n\n<p><\/p>\n","protected":false},"excerpt":{"rendered":"<p>Die Rote Hilfe in Heilbronn bietet allen Interessierten die M\u00f6glichkeit sich aktiv an Solidarit\u00e4tsarbeit zu beteiligen und dadurch Menschen, die von Repression betroffen sind, zu unterst\u00fctzen. Dabei ist die Ortsgruppe nat\u00fcrlich immer auch auf finanzielle Unterst\u00fctzung in Form von Mitgliedsbeitr\u00e4gen und Spenden angewiesen. Infos zu Spenden findet ihr hier\u00a0oder ihr<\/p>\n","protected":false},"author":1,"featured_media":0,"parent":0,"menu_order":0,"comment_status":"closed","ping_status":"closed","template":"","meta":[],"_links":{"self":[{"href":"https:\/\/www.heilbronn.rote-hilfe.de\/index.php?rest_route=\/wp\/v2\/pages\/41"}],"collection":[{"href":"https:\/\/www.heilbronn.rote-hilfe.de\/index.php?rest_route=\/wp\/v2\/pages"}],"about":[{"href":"https:\/\/www.heilbronn.rote-hilfe.de\/index.php?rest_route=\/wp\/v2\/types\/page"}],"author":[{"embeddable":true,"href":"https:\/\/www.heilbronn.rote-hilfe.de\/index.php?rest_route=\/wp\/v2\/users\/1"}],"replies":[{"embeddable":true,"href":"https:\/\/www.heilbronn.rote-hilfe.de\/index.php?rest_route=%2Fwp%2Fv2%2Fcomments&post=41"}],"version-history":[{"count":11,"href":"https:\/\/www.heilbronn.rote-hilfe.de\/index.php?rest_route=\/wp\/v2\/pages\/41\/revisions"}],"predecessor-version":[{"id":703,"href":"https:\/\/www.heilbronn.rote-hilfe.de\/index.php?rest_route=\/wp\/v2\/pages\/41\/revisions\/703"}],"wp:attachment":[{"href":"https:\/\/www.heilbronn.rote-hilfe.de\/index.php?rest_route=%2Fwp%2Fv2%2Fmedia&parent=41"}],"curies":[{"name":"wp","href":"https:\/\/api.w.org\/{rel}","templated":true}]}}